{"id":15,"date":"2023-08-18T11:29:55","date_gmt":"2023-08-18T11:29:55","guid":{"rendered":"https:\/\/sucuncorducodronzanesu.net\/?page_id=15"},"modified":"2024-02-29T15:02:32","modified_gmt":"2024-02-29T15:02:32","slug":"prossimi-appuntamenti","status":"publish","type":"page","link":"https:\/\/sucuncorducodronzanesu.net\/index.php\/prossimi-appuntamenti\/","title":{"rendered":"Prossimi Appuntamenti"},"content":{"rendered":"\n<h1 class=\"wp-block-heading has-text-align-center has-large-font-size\"><strong>BARCELLONA 11-12 MAGGIO 2024<\/strong><\/h1>\n\n\n\n<h1 class=\"wp-block-heading has-text-align-center has-large-font-size\"><strong> Cripta de la Sagrada Fam\u00edlia<\/strong><\/h1>\n\n\n\n<p><a><\/a><\/p>\n\n\n\n<h2 class=\"wp-block-heading\">Tr\u00e1nsitos: Cuncordu Codronzanesu<\/h2>\n\n\n\n<p class=\"has-large-font-size\"><strong>Sabato 11 Maggio 2024 <\/strong><\/p>\n\n\n\n<figure class=\"wp-block-image\"><img decoding=\"async\" src=\"https:\/\/ajuntament.barcelona.cat\/museumusica\/sites\/default\/files\/styles\/img_870x470\/public\/10_cuncordu_codronzanesu_giovanni-soletta.jpg?itok=XEXGmxNc\" alt=\"Tr\u00e1nsitos: Cuncordu Codronzanesu | Museu de la M\u00fasica\" title=\"\"\/><\/figure>\n\n\n\n<p><strong>M\u00daSICA EN VIVO<\/strong><\/p>\n\n\n\n<p><strong>Polifon\u00edas de tradici\u00f3n oral en Cerde\u00f1a<\/strong><\/p>\n\n\n\n<p>El canto a cuncordu es una de las pr\u00e1cticas musicales m\u00e1s arraigadas y caracter\u00edsticas de la isla de Cerde\u00f1a. De car\u00e1cter religioso y vinculado a la praxis lit\u00fargica y paralit\u00fargica, esta forma de cantar por voces se caracteriza por una disposici\u00f3n de cuatro voces masculinas a capela que busca la sonoridad plena de los acordes. Gran parte de los repertorios a cuncordu, aunque muy variados de una localidad a otra, est\u00e1n ligados a los ritos paralit\u00fargicos de la Semana Santa y, particularmente, a los oficios del Viernes Santo: cantos procesionales, representaciones de la crucifixi\u00f3n o del descendimiento, versiones del Miserere, del Stabat Mater y del ordinario de la misa para el acompa\u00f1amiento de misas solemnes de significaci\u00f3n especial para la comunidad de la cofrad\u00eda.<\/p>\n\n\n\n<p>Si bien en localidades como Castelsardo y Santu Lusurgiu el canto a cuncordu no se ha dejado de practicar nunca, en otros lugares se ha experimentado un proceso de recuperaci\u00f3n y revalorizaci\u00f3n de la tradici\u00f3n. Este es el caso de Codrongianos, donde desde 2009 el conjunto Su Cuncordu Codronzanesu trabaja para reconstruir el repertorio lit\u00fargico y paralit\u00fargico de la desaparecida Arciconfraternit\u00e0 di Santa Croce e del Rosario a partir de una investigaci\u00f3n a trav\u00e9s de testimonios orales.<\/p>\n\n\n\n<p><\/p>\n\n\n\n<p><\/p>\n\n\n\n<p class=\"has-large-font-size\"><strong>Domenica 12 Maggio 2024<\/strong><\/p>\n\n\n\n<p><\/p>\n\n\n\n<figure class=\"wp-block-image size-large\"><img loading=\"lazy\" decoding=\"async\" width=\"734\" height=\"1024\" src=\"https:\/\/sucuncorducodronzanesu.net\/wp-content\/uploads\/2024\/02\/image-734x1024.png\" alt=\"\" class=\"wp-image-136\" srcset=\"https:\/\/sucuncorducodronzanesu.net\/wp-content\/uploads\/2024\/02\/image-734x1024.png 734w, https:\/\/sucuncorducodronzanesu.net\/wp-content\/uploads\/2024\/02\/image-215x300.png 215w, https:\/\/sucuncorducodronzanesu.net\/wp-content\/uploads\/2024\/02\/image-768x1071.png 768w, https:\/\/sucuncorducodronzanesu.net\/wp-content\/uploads\/2024\/02\/image-1101x1536.png 1101w, https:\/\/sucuncorducodronzanesu.net\/wp-content\/uploads\/2024\/02\/image.png 1147w\" sizes=\"auto, (max-width: 734px) 100vw, 734px\" \/><\/figure>\n\n\n\n<ul class=\"wp-block-list\">\n<li><\/li>\n<\/ul>\n","protected":false},"excerpt":{"rendered":"<p>BARCELLONA 11-12 MAGGIO 2024 Cripta de la Sagrada Fam\u00edlia Tr\u00e1nsitos: Cuncordu Codronzanesu Sabato 11 Maggio 2024 M\u00daSICA EN VIVO Polifon\u00edas de tradici\u00f3n oral en Cerde\u00f1a El canto a cuncordu es una de las pr\u00e1cticas musicales m\u00e1s arraigadas y caracter\u00edsticas de la isla de Cerde\u00f1a. De car\u00e1cter religioso y vinculado a la praxis lit\u00fargica y paralit\u00fargica, [&hellip;]<\/p>\n","protected":false},"author":1,"featured_media":0,"parent":0,"menu_order":0,"comment_status":"closed","ping_status":"closed","template":"","meta":{"footnotes":""},"class_list":["post-15","page","type-page","status-publish","hentry"],"_links":{"self":[{"href":"https:\/\/sucuncorducodronzanesu.net\/index.php\/wp-json\/wp\/v2\/pages\/15","targetHints":{"allow":["GET"]}}],"collection":[{"href":"https:\/\/sucuncorducodronzanesu.net\/index.php\/wp-json\/wp\/v2\/pages"}],"about":[{"href":"https:\/\/sucuncorducodronzanesu.net\/index.php\/wp-json\/wp\/v2\/types\/page"}],"author":[{"embeddable":true,"href":"https:\/\/sucuncorducodronzanesu.net\/index.php\/wp-json\/wp\/v2\/users\/1"}],"replies":[{"embeddable":true,"href":"https:\/\/sucuncorducodronzanesu.net\/index.php\/wp-json\/wp\/v2\/comments?post=15"}],"version-history":[{"count":11,"href":"https:\/\/sucuncorducodronzanesu.net\/index.php\/wp-json\/wp\/v2\/pages\/15\/revisions"}],"predecessor-version":[{"id":139,"href":"https:\/\/sucuncorducodronzanesu.net\/index.php\/wp-json\/wp\/v2\/pages\/15\/revisions\/139"}],"wp:attachment":[{"href":"https:\/\/sucuncorducodronzanesu.net\/index.php\/wp-json\/wp\/v2\/media?parent=15"}],"curies":[{"name":"wp","href":"https:\/\/api.w.org\/{rel}","templated":true}]}}